{"id":405,"date":"2021-08-29T10:58:55","date_gmt":"2021-08-29T08:58:55","guid":{"rendered":"https:\/\/www.lastrada.sk\/?page_id=405"},"modified":"2022-12-03T12:03:25","modified_gmt":"2022-12-03T11:03:25","slug":"deutch","status":"publish","type":"page","link":"https:\/\/www.lastrada.sk\/index.php\/deutch\/","title":{"rendered":"Deutch"},"content":{"rendered":"\n<figure class=\"wp-block-image size-large\"><img loading=\"lazy\" decoding=\"async\" width=\"1024\" height=\"414\" src=\"https:\/\/www.lastrada.sk\/wp-content\/uploads\/2021\/08\/IMG_1193-pruh-1-1024x414.jpg\" alt=\"\" class=\"wp-image-153\" srcset=\"https:\/\/www.lastrada.sk\/wp-content\/uploads\/2021\/08\/IMG_1193-pruh-1-1024x414.jpg 1024w, https:\/\/www.lastrada.sk\/wp-content\/uploads\/2021\/08\/IMG_1193-pruh-1-300x121.jpg 300w, https:\/\/www.lastrada.sk\/wp-content\/uploads\/2021\/08\/IMG_1193-pruh-1-768x310.jpg 768w, https:\/\/www.lastrada.sk\/wp-content\/uploads\/2021\/08\/IMG_1193-pruh-1-1536x620.jpg 1536w, https:\/\/www.lastrada.sk\/wp-content\/uploads\/2021\/08\/IMG_1193-pruh-1-2048x827.jpg 2048w\" sizes=\"auto, (max-width: 767px) 89vw, (max-width: 1000px) 54vw, (max-width: 1071px) 543px, 580px\" \/><\/figure>\n\n\n\n<p class=\"has-text-align-center\"><strong>Das Popopernduo La Strada <\/strong><\/p>\n\n\n\n<p>ist eine Kombination der beiden Operns\u00e4nger Petr \u010eurovec (Bariton) und Zolt\u00e1n Mik\u00f3 (Tenor).<br>Gegr\u00fcndet wird La Strada von Peter \u010eurovec, einem Liebhaber der italienischen Kultur, dem Gr\u00fcnder der Triogruppe La Gioia, die er nach zw\u00f6lf Jahren verlie\u00df.<\/p>\n\n\n\n<p><br>Er schloss sich mit Zolt\u00e1n Mik\u00f3, einem ehemaligen Klassenkameraden der Akademie der Darstellenden K\u00fcnste, der lange Zeit in der Schweiz arbeitete, zusammen.<\/p>\n\n\n\n<p><br>La Strada ist ein einzigartiges Ph\u00e4nomen in der slowakischen Musikszene in der Pr\u00e4sentation des leichten Opernstils, dessen ber\u00fchmteste Vertreter Andrea Bocelli, Il Divo, Il Volo, Josh Groban, Chose Careras sind\u2026<\/p>\n\n\n\n<p><br>Das Repertoire besteht aus bekannten Kompositionen der slowakischen, tschechischen und insbesondere der Weltmusikszene.<\/p>\n\n\n\n<figure class=\"wp-block-image size-large\"><img loading=\"lazy\" decoding=\"async\" width=\"1024\" height=\"943\" src=\"https:\/\/www.lastrada.sk\/wp-content\/uploads\/2021\/08\/IMG_1101-kostka-1024x943.jpg\" alt=\"\" class=\"wp-image-34\" srcset=\"https:\/\/www.lastrada.sk\/wp-content\/uploads\/2021\/08\/IMG_1101-kostka-1024x943.jpg 1024w, https:\/\/www.lastrada.sk\/wp-content\/uploads\/2021\/08\/IMG_1101-kostka-300x276.jpg 300w, https:\/\/www.lastrada.sk\/wp-content\/uploads\/2021\/08\/IMG_1101-kostka-768x707.jpg 768w, https:\/\/www.lastrada.sk\/wp-content\/uploads\/2021\/08\/IMG_1101-kostka-1536x1414.jpg 1536w, https:\/\/www.lastrada.sk\/wp-content\/uploads\/2021\/08\/IMG_1101-kostka-2048x1885.jpg 2048w\" sizes=\"auto, (max-width: 767px) 89vw, (max-width: 1000px) 54vw, (max-width: 1071px) 543px, 580px\" \/><\/figure>\n\n\n\n<p><strong>DIE<\/strong> <strong>NACHRICHTEN<\/strong><\/p>\n\n\n\n<p class=\"has-black-color has-cyan-bluish-gray-background-color has-text-color has-background\">ZUSAMMENSETZUNG &#8222;FREUNDE F\u00dcR SIEMPRE&#8220;<\/p>\n\n\n\n<p class=\"has-black-color has-text-color\"><br>Die erste gemeinsame Komposition des Pop-Opern-Duos La Strada ist die slowakisch-englisch-spanische Komposition \u201eAmigos Para Siempre\u201c (Text: Don Black \/ Peter \u010eurovec, Musik: Andrew Lloyd Webber), f\u00fcr die derzeit ein Video gedreht wird.<br>La Strada &#8211; Freunde f\u00fcr immer.<\/p>\n\n\n\n<figure class=\"wp-block-audio\"><audio controls src=\"https:\/\/www.lastrada.sk\/wp-content\/uploads\/2021\/08\/La-Strada-Amigos-Para-Siempre.mp3\"><\/audio><figcaption>La Strada &#8211; Amigos Para Siempre<\/figcaption><\/figure>\n\n\n\n<p class=\"has-black-color has-text-color\"><br>Die zweite Komposition ist &#8222;Il Mondo&#8220; aus dem Repertoire des weltber\u00fchmten Il Volo.<\/p>\n\n\n\n<p class=\"has-black-color has-cyan-bluish-gray-background-color has-text-color has-background\">LIEDER &#8222;LEBE MIT IHM&#8220; UND &#8222;LASCIARSI&#8220;<\/p>\n\n\n\n<p><br>In der Zeit nach dem Verlassen von La Gioia sang Peter \u010eurovec zwei Lieder &#8222;Live with Him&#8220; \u200b\u200b(von Mariah Carey):<\/p>\n\n\n\n<figure class=\"wp-block-embed is-type-video is-provider-youtube wp-block-embed-youtube wp-embed-aspect-16-9 wp-has-aspect-ratio\"><div class=\"wp-block-embed__wrapper\">\n<iframe loading=\"lazy\" title=\"Peter \u010eurovec - \u017di s n\u00edm\" width=\"525\" height=\"295\" src=\"https:\/\/www.youtube.com\/embed\/Sc-Vce_9xng?feature=oembed\" frameborder=\"0\" allow=\"accelerometer; autoplay; clipboard-write; encrypted-media; gyroscope; picture-in-picture; web-share\" referrerpolicy=\"strict-origin-when-cross-origin\" allowfullscreen><\/iframe>\n<\/div><\/figure>\n\n\n\n<p><br>und &#8222;Lasciarsi&#8220; von Jan Nedv\u011bd (Betrug):<\/p>\n\n\n\n<figure class=\"wp-block-embed is-type-video is-provider-youtube wp-block-embed-youtube wp-embed-aspect-16-9 wp-has-aspect-ratio\"><div class=\"wp-block-embed__wrapper\">\n<iframe loading=\"lazy\" title=\"Peter \u010eurovec - Lasciarsi (Rozchod)\" width=\"525\" height=\"295\" src=\"https:\/\/www.youtube.com\/embed\/QdAXfOdPQao?feature=oembed\" frameborder=\"0\" allow=\"accelerometer; autoplay; clipboard-write; encrypted-media; gyroscope; picture-in-picture; web-share\" referrerpolicy=\"strict-origin-when-cross-origin\" allowfullscreen><\/iframe>\n<\/div><\/figure>\n\n\n\n<p><strong>AUFTRAGSBESTELLUNGEN<\/strong><\/p>\n\n\n\n<p><br>Halbe Wiedergabeleistung 30 &#8211; 40 Minuten.<br>Musik-Talkshow mit Moderator &#8211; Theater, Kulturh\u00e4user 70 Minuten.<br>Wir bieten ein Adventprogramm voller bekannter slowakischer, tschechischer und ausl\u00e4ndischer Weihnachtslieder.<\/p>\n\n\n\n<figure class=\"wp-block-gallery has-nested-images columns-default is-cropped wp-block-gallery-1 is-layout-flex wp-block-gallery-is-layout-flex\">\n<figure class=\"wp-block-image size-large\"><img loading=\"lazy\" decoding=\"async\" width=\"1024\" height=\"998\" data-id=\"375\" src=\"https:\/\/www.lastrada.sk\/wp-content\/uploads\/2021\/08\/zolo-1-1024x998.jpg\" alt=\"\" class=\"wp-image-375\" srcset=\"https:\/\/www.lastrada.sk\/wp-content\/uploads\/2021\/08\/zolo-1-1024x998.jpg 1024w, https:\/\/www.lastrada.sk\/wp-content\/uploads\/2021\/08\/zolo-1-300x292.jpg 300w, https:\/\/www.lastrada.sk\/wp-content\/uploads\/2021\/08\/zolo-1-768x748.jpg 768w, https:\/\/www.lastrada.sk\/wp-content\/uploads\/2021\/08\/zolo-1-1536x1496.jpg 1536w, https:\/\/www.lastrada.sk\/wp-content\/uploads\/2021\/08\/zolo-1.jpg 1623w\" sizes=\"auto, (max-width: 767px) 89vw, (max-width: 1000px) 54vw, (max-width: 1071px) 543px, 580px\" \/><\/figure>\n\n\n\n<figure class=\"wp-block-image size-large\"><img loading=\"lazy\" decoding=\"async\" width=\"988\" height=\"1024\" data-id=\"374\" src=\"https:\/\/www.lastrada.sk\/wp-content\/uploads\/2021\/08\/IMpeter-1-988x1024.jpg\" alt=\"\" class=\"wp-image-374\" srcset=\"https:\/\/www.lastrada.sk\/wp-content\/uploads\/2021\/08\/IMpeter-1-988x1024.jpg 988w, https:\/\/www.lastrada.sk\/wp-content\/uploads\/2021\/08\/IMpeter-1-289x300.jpg 289w, https:\/\/www.lastrada.sk\/wp-content\/uploads\/2021\/08\/IMpeter-1-768x796.jpg 768w, https:\/\/www.lastrada.sk\/wp-content\/uploads\/2021\/08\/IMpeter-1-1481x1536.jpg 1481w, https:\/\/www.lastrada.sk\/wp-content\/uploads\/2021\/08\/IMpeter-1.jpg 1548w\" sizes=\"auto, (max-width: 767px) 89vw, (max-width: 1000px) 54vw, (max-width: 1071px) 543px, 580px\" \/><\/figure>\n\n\n\n<figure class=\"wp-block-image size-large\"><img loading=\"lazy\" decoding=\"async\" width=\"1024\" height=\"818\" data-id=\"201\" src=\"https:\/\/www.lastrada.sk\/wp-content\/uploads\/2021\/08\/cropped-cropped-IMG_1193-.-U-SEBE-logo-velke-foto-ostra-1-scaled-1-1024x818.jpg\" alt=\"\" class=\"wp-image-201\" srcset=\"https:\/\/www.lastrada.sk\/wp-content\/uploads\/2021\/08\/cropped-cropped-IMG_1193-.-U-SEBE-logo-velke-foto-ostra-1-scaled-1-1024x818.jpg 1024w, https:\/\/www.lastrada.sk\/wp-content\/uploads\/2021\/08\/cropped-cropped-IMG_1193-.-U-SEBE-logo-velke-foto-ostra-1-scaled-1-300x240.jpg 300w, https:\/\/www.lastrada.sk\/wp-content\/uploads\/2021\/08\/cropped-cropped-IMG_1193-.-U-SEBE-logo-velke-foto-ostra-1-scaled-1-768x614.jpg 768w, https:\/\/www.lastrada.sk\/wp-content\/uploads\/2021\/08\/cropped-cropped-IMG_1193-.-U-SEBE-logo-velke-foto-ostra-1-scaled-1-1536x1227.jpg 1536w, https:\/\/www.lastrada.sk\/wp-content\/uploads\/2021\/08\/cropped-cropped-IMG_1193-.-U-SEBE-logo-velke-foto-ostra-1-scaled-1.jpg 2000w\" sizes=\"auto, (max-width: 767px) 89vw, (max-width: 1000px) 54vw, (max-width: 1071px) 543px, 580px\" \/><\/figure>\n<\/figure>\n\n\n<p style=\"text-align: center;\"><span style=\"font-size: 18pt;\">Contact:<\/span><\/p>\n<p style=\"text-align: center;\"><span style=\"font-size: 18pt;\">Management \/Booking:<\/span><\/p>\n<p style=\"text-align: center;\"><span style=\"font-size: 18pt;\">Stanislav STEBILA<\/span><span style=\"font-size: 18pt;\">\u00a0<\/span><\/p>\n<p style=\"text-align: center;\"><span style=\"font-size: 18pt;\">Tel:\u00a0 \u00a0+420 723 523 297 (CZ)<\/span><\/p>\n<p style=\"text-align: center;\"><span style=\"font-size: 18pt;\">E mail: igardes@centrum.cz<\/span><\/p>","protected":false},"excerpt":{"rendered":"<p>Das Popopernduo La Strada ist eine Kombination der beiden Operns\u00e4nger Petr \u010eurovec (Bariton) und Zolt\u00e1n Mik\u00f3 (Tenor).Gegr\u00fcndet wird La Strada von Peter \u010eurovec, einem Liebhaber der italienischen Kultur, dem Gr\u00fcnder der Triogruppe La Gioia, die er nach zw\u00f6lf Jahren verlie\u00df. Er schloss sich mit Zolt\u00e1n Mik\u00f3, einem ehemaligen Klassenkameraden der Akademie der Darstellenden K\u00fcnste, der &hellip; <\/p>\n<p class=\"link-more\"><a href=\"https:\/\/www.lastrada.sk\/index.php\/deutch\/\" class=\"more-link\">Pokra\u010dova\u0165 v \u010d\u00edtan\u00ed<span class=\"screen-reader-text\"> &#8222;Deutch&#8220;<\/span><\/a><\/p>\n","protected":false},"author":2,"featured_media":0,"parent":0,"menu_order":0,"comment_status":"closed","ping_status":"closed","template":"","meta":{"_monsterinsights_skip_tracking":false,"_monsterinsights_sitenote_active":false,"_monsterinsights_sitenote_note":"","_monsterinsights_sitenote_category":0,"footnotes":""},"class_list":["post-405","page","type-page","status-publish","hentry"],"yoast_head":"<!-- This site is optimized with the Yoast SEO plugin v27.4 - https:\/\/yoast.com\/product\/yoast-seo-wordpress\/ -->\n<title>Deutch - La Strada<\/title>\n<meta name=\"robots\" content=\"index, follow, max-snippet:-1, max-image-preview:large, max-video-preview:-1\" \/>\n<link rel=\"canonical\" href=\"https:\/\/www.lastrada.sk\/index.php\/deutch\/\" \/>\n<meta property=\"og:locale\" content=\"sk_SK\" \/>\n<meta property=\"og:type\" content=\"article\" \/>\n<meta property=\"og:title\" content=\"Deutch - La Strada\" \/>\n<meta property=\"og:description\" content=\"Das Popopernduo La Strada ist eine Kombination der beiden Operns\u00e4nger Petr \u010eurovec (Bariton) und Zolt\u00e1n Mik\u00f3 (Tenor).Gegr\u00fcndet wird La Strada von Peter \u010eurovec, einem Liebhaber der italienischen Kultur, dem Gr\u00fcnder der Triogruppe La Gioia, die er nach zw\u00f6lf Jahren verlie\u00df. Er schloss sich mit Zolt\u00e1n Mik\u00f3, einem ehemaligen Klassenkameraden der Akademie der Darstellenden K\u00fcnste, der &hellip; Pokra\u010dova\u0165 v \u010d\u00edtan\u00ed &quot;Deutch&quot;\" \/>\n<meta property=\"og:url\" content=\"https:\/\/www.lastrada.sk\/index.php\/deutch\/\" \/>\n<meta property=\"og:site_name\" content=\"La Strada\" \/>\n<meta property=\"article:modified_time\" content=\"2022-12-03T11:03:25+00:00\" \/>\n<meta property=\"og:image\" content=\"https:\/\/www.lastrada.sk\/wp-content\/uploads\/2021\/08\/IMG_1193-pruh-1-1024x414.jpg\" \/>\n<meta name=\"twitter:card\" content=\"summary_large_image\" \/>\n<meta name=\"twitter:label1\" content=\"Predpokladan\u00fd \u010das \u010d\u00edtania\" \/>\n\t<meta name=\"twitter:data1\" content=\"3 min\u00faty\" \/>\n<script type=\"application\/ld+json\" class=\"yoast-schema-graph\">{\"@context\":\"https:\\\/\\\/schema.org\",\"@graph\":[{\"@type\":\"WebPage\",\"@id\":\"https:\\\/\\\/www.lastrada.sk\\\/index.php\\\/deutch\\\/\",\"url\":\"https:\\\/\\\/www.lastrada.sk\\\/index.php\\\/deutch\\\/\",\"name\":\"Deutch - La Strada\",\"isPartOf\":{\"@id\":\"https:\\\/\\\/www.lastrada.sk\\\/#website\"},\"primaryImageOfPage\":{\"@id\":\"https:\\\/\\\/www.lastrada.sk\\\/index.php\\\/deutch\\\/#primaryimage\"},\"image\":{\"@id\":\"https:\\\/\\\/www.lastrada.sk\\\/index.php\\\/deutch\\\/#primaryimage\"},\"thumbnailUrl\":\"https:\\\/\\\/www.lastrada.sk\\\/wp-content\\\/uploads\\\/2021\\\/08\\\/IMG_1193-pruh-1-1024x414.jpg\",\"datePublished\":\"2021-08-29T08:58:55+00:00\",\"dateModified\":\"2022-12-03T11:03:25+00:00\",\"breadcrumb\":{\"@id\":\"https:\\\/\\\/www.lastrada.sk\\\/index.php\\\/deutch\\\/#breadcrumb\"},\"inLanguage\":\"sk-SK\",\"potentialAction\":[{\"@type\":\"ReadAction\",\"target\":[\"https:\\\/\\\/www.lastrada.sk\\\/index.php\\\/deutch\\\/\"]}]},{\"@type\":\"ImageObject\",\"inLanguage\":\"sk-SK\",\"@id\":\"https:\\\/\\\/www.lastrada.sk\\\/index.php\\\/deutch\\\/#primaryimage\",\"url\":\"https:\\\/\\\/www.lastrada.sk\\\/wp-content\\\/uploads\\\/2021\\\/08\\\/IMG_1193-pruh-1-1024x414.jpg\",\"contentUrl\":\"https:\\\/\\\/www.lastrada.sk\\\/wp-content\\\/uploads\\\/2021\\\/08\\\/IMG_1193-pruh-1-1024x414.jpg\"},{\"@type\":\"BreadcrumbList\",\"@id\":\"https:\\\/\\\/www.lastrada.sk\\\/index.php\\\/deutch\\\/#breadcrumb\",\"itemListElement\":[{\"@type\":\"ListItem\",\"position\":1,\"name\":\"Home\",\"item\":\"https:\\\/\\\/www.lastrada.sk\\\/\"},{\"@type\":\"ListItem\",\"position\":2,\"name\":\"Deutch\"}]},{\"@type\":\"WebSite\",\"@id\":\"https:\\\/\\\/www.lastrada.sk\\\/#website\",\"url\":\"https:\\\/\\\/www.lastrada.sk\\\/\",\"name\":\"La Strada\",\"description\":\"SLOVENSK\u00c9 POP OPERN\u00c9 DUO\",\"potentialAction\":[{\"@type\":\"SearchAction\",\"target\":{\"@type\":\"EntryPoint\",\"urlTemplate\":\"https:\\\/\\\/www.lastrada.sk\\\/?s={search_term_string}\"},\"query-input\":{\"@type\":\"PropertyValueSpecification\",\"valueRequired\":true,\"valueName\":\"search_term_string\"}}],\"inLanguage\":\"sk-SK\"}]}<\/script>\n<!-- \/ Yoast SEO plugin. -->","yoast_head_json":{"title":"Deutch - La Strada","robots":{"index":"index","follow":"follow","max-snippet":"max-snippet:-1","max-image-preview":"max-image-preview:large","max-video-preview":"max-video-preview:-1"},"canonical":"https:\/\/www.lastrada.sk\/index.php\/deutch\/","og_locale":"sk_SK","og_type":"article","og_title":"Deutch - La Strada","og_description":"Das Popopernduo La Strada ist eine Kombination der beiden Operns\u00e4nger Petr \u010eurovec (Bariton) und Zolt\u00e1n Mik\u00f3 (Tenor).Gegr\u00fcndet wird La Strada von Peter \u010eurovec, einem Liebhaber der italienischen Kultur, dem Gr\u00fcnder der Triogruppe La Gioia, die er nach zw\u00f6lf Jahren verlie\u00df. Er schloss sich mit Zolt\u00e1n Mik\u00f3, einem ehemaligen Klassenkameraden der Akademie der Darstellenden K\u00fcnste, der &hellip; Pokra\u010dova\u0165 v \u010d\u00edtan\u00ed \"Deutch\"","og_url":"https:\/\/www.lastrada.sk\/index.php\/deutch\/","og_site_name":"La Strada","article_modified_time":"2022-12-03T11:03:25+00:00","og_image":[{"url":"https:\/\/www.lastrada.sk\/wp-content\/uploads\/2021\/08\/IMG_1193-pruh-1-1024x414.jpg","type":"","width":"","height":""}],"twitter_card":"summary_large_image","twitter_misc":{"Predpokladan\u00fd \u010das \u010d\u00edtania":"3 min\u00faty"},"schema":{"@context":"https:\/\/schema.org","@graph":[{"@type":"WebPage","@id":"https:\/\/www.lastrada.sk\/index.php\/deutch\/","url":"https:\/\/www.lastrada.sk\/index.php\/deutch\/","name":"Deutch - La Strada","isPartOf":{"@id":"https:\/\/www.lastrada.sk\/#website"},"primaryImageOfPage":{"@id":"https:\/\/www.lastrada.sk\/index.php\/deutch\/#primaryimage"},"image":{"@id":"https:\/\/www.lastrada.sk\/index.php\/deutch\/#primaryimage"},"thumbnailUrl":"https:\/\/www.lastrada.sk\/wp-content\/uploads\/2021\/08\/IMG_1193-pruh-1-1024x414.jpg","datePublished":"2021-08-29T08:58:55+00:00","dateModified":"2022-12-03T11:03:25+00:00","breadcrumb":{"@id":"https:\/\/www.lastrada.sk\/index.php\/deutch\/#breadcrumb"},"inLanguage":"sk-SK","potentialAction":[{"@type":"ReadAction","target":["https:\/\/www.lastrada.sk\/index.php\/deutch\/"]}]},{"@type":"ImageObject","inLanguage":"sk-SK","@id":"https:\/\/www.lastrada.sk\/index.php\/deutch\/#primaryimage","url":"https:\/\/www.lastrada.sk\/wp-content\/uploads\/2021\/08\/IMG_1193-pruh-1-1024x414.jpg","contentUrl":"https:\/\/www.lastrada.sk\/wp-content\/uploads\/2021\/08\/IMG_1193-pruh-1-1024x414.jpg"},{"@type":"BreadcrumbList","@id":"https:\/\/www.lastrada.sk\/index.php\/deutch\/#breadcrumb","itemListElement":[{"@type":"ListItem","position":1,"name":"Home","item":"https:\/\/www.lastrada.sk\/"},{"@type":"ListItem","position":2,"name":"Deutch"}]},{"@type":"WebSite","@id":"https:\/\/www.lastrada.sk\/#website","url":"https:\/\/www.lastrada.sk\/","name":"La Strada","description":"SLOVENSK\u00c9 POP OPERN\u00c9 DUO","potentialAction":[{"@type":"SearchAction","target":{"@type":"EntryPoint","urlTemplate":"https:\/\/www.lastrada.sk\/?s={search_term_string}"},"query-input":{"@type":"PropertyValueSpecification","valueRequired":true,"valueName":"search_term_string"}}],"inLanguage":"sk-SK"}]}},"_links":{"self":[{"href":"https:\/\/www.lastrada.sk\/index.php\/wp-json\/wp\/v2\/pages\/405","targetHints":{"allow":["GET"]}}],"collection":[{"href":"https:\/\/www.lastrada.sk\/index.php\/wp-json\/wp\/v2\/pages"}],"about":[{"href":"https:\/\/www.lastrada.sk\/index.php\/wp-json\/wp\/v2\/types\/page"}],"author":[{"embeddable":true,"href":"https:\/\/www.lastrada.sk\/index.php\/wp-json\/wp\/v2\/users\/2"}],"replies":[{"embeddable":true,"href":"https:\/\/www.lastrada.sk\/index.php\/wp-json\/wp\/v2\/comments?post=405"}],"version-history":[{"count":0,"href":"https:\/\/www.lastrada.sk\/index.php\/wp-json\/wp\/v2\/pages\/405\/revisions"}],"wp:attachment":[{"href":"https:\/\/www.lastrada.sk\/index.php\/wp-json\/wp\/v2\/media?parent=405"}],"curies":[{"name":"wp","href":"https:\/\/api.w.org\/{rel}","templated":true}]}}