{"id":1570,"date":"2025-12-10T16:24:29","date_gmt":"2025-12-10T15:24:29","guid":{"rendered":"https:\/\/www.lastrada.sk\/?page_id=1570"},"modified":"2026-03-20T22:12:30","modified_gmt":"2026-03-20T21:12:30","slug":"domov","status":"publish","type":"page","link":"https:\/\/www.lastrada.sk\/","title":{"rendered":"Domov"},"content":{"rendered":"\n<div class=\"wp-block-group\"><div class=\"wp-block-group__inner-container is-layout-constrained wp-block-group-is-layout-constrained\">\n<h2 class=\"wp-block-heading has-text-align-center has-large-font-size\">N\u00e1\u0161 prv\u00fd krok do sveta hudobnej tvorby <\/h2>\n\n\n<style>.kb-image1570_b88c39-ae .kb-image-has-overlay:after{opacity:0.3;}<\/style>\n<figure class=\"wp-block-kadence-image kb-image1570_b88c39-ae size-large\"><a href=\"https:\/\/www.lastrada.sk\/index.php\/2026\/03\/13\/dunaj-nas\/\" class=\"kb-advanced-image-link\"><img loading=\"lazy\" decoding=\"async\" width=\"1024\" height=\"572\" src=\"https:\/\/www.lastrada.sk\/wp-content\/uploads\/2026\/03\/1000007530-1024x572.jpg\" alt=\"\" class=\"kb-img wp-image-1856\" srcset=\"https:\/\/www.lastrada.sk\/wp-content\/uploads\/2026\/03\/1000007530-1024x572.jpg 1024w, https:\/\/www.lastrada.sk\/wp-content\/uploads\/2026\/03\/1000007530-300x167.jpg 300w, https:\/\/www.lastrada.sk\/wp-content\/uploads\/2026\/03\/1000007530-768x429.jpg 768w, https:\/\/www.lastrada.sk\/wp-content\/uploads\/2026\/03\/1000007530.jpg 1376w\" sizes=\"auto, (max-width: 767px) 89vw, (max-width: 1000px) 54vw, (max-width: 1071px) 543px, 580px\" \/><\/a><\/figure>\n\n\n\n<p class=\"has-text-align-center\">S ve\u013ekou rados\u0165ou v\u00e1m predstavujeme n\u00e1\u0161 \u00faplne nov\u00fd videoklip k prvej vlastnej piesni. Tento projekt je pre n\u00e1s mimoriadne d\u00f4le\u017eit\u00fd, preto\u017ee ide o n\u00e1\u0161 prv\u00fd krok do sveta hudobnej tvorby.<\/p>\n<\/div><\/div>\n\n\n\n<div class=\"wp-block-group alignfull has-tertiary-background-color has-background\" style=\"margin-top:0;margin-bottom:0;padding-top:var(--wp--preset--spacing--60);padding-right:var(--wp--preset--spacing--30);padding-bottom:var(--wp--preset--spacing--60);padding-left:var(--wp--preset--spacing--30)\"><div class=\"wp-block-group__inner-container is-layout-constrained wp-container-core-group-is-layout-392eb801 wp-block-group-is-layout-constrained\">\n<div class=\"wp-block-group alignwide is-vertical is-layout-flex wp-container-core-group-is-layout-8cf370e7 wp-block-group-is-layout-flex\">\n<div class=\"wp-block-group alignwide is-content-justification-left\"><div class=\"wp-block-group__inner-container is-layout-constrained wp-container-core-group-is-layout-eded1d97 wp-block-group-is-layout-constrained\">\n<h2 class=\"wp-block-heading has-text-align-center has-large-font-size\">Objavte jedine\u010dn\u00fd svet La Strada na novom CD.<\/h2>\n\n\n<style>.kb-gallery-id-1570_b26967-8d .kadence-blocks-gallery-item .kb-gal-image-radius, .kb-gallery-id-1570_b26967-8d .kb-slide-item .kb-gal-image-radius img{border-radius:0px 0px 0px 0px;;}.kb-gallery-wrap-id-1570_b26967-8d.wp-block-kadence-advancedgallery{overflow:visible;}.kb-gallery-wrap-id-1570_b26967-8d.wp-block-kadence-advancedgallery .kt-blocks-carousel{overflow:visible;}<\/style><div class=\"kb-gallery-wrap-id-1570_b26967-8d alignnone wp-block-kadence-advancedgallery\"><div class=\"kb-gallery-ul kb-gallery-non-static kb-gallery-type-slider kb-gallery-id-1570_b26967-8d kb-gallery-caption-style-bottom-hover kb-gallery-filter-none\" data-image-filter=\"none\" data-lightbox-caption=\"true\"><div class=\"kt-blocks-carousel splide kt-carousel-container-dotstyle-dark kt-carousel-arrowstyle-whiteondark kt-carousel-dotstyle-dark kb-slider-group-arrow kb-slider-arrow-position-center\" data-slider-anim-speed=\"400\" data-slider-scroll=\"1\" data-slider-arrows=\"true\" data-slider-fade=\"true\" data-slider-dots=\"true\" data-slider-type=\"slider\" data-slider-hover-pause=\"false\" data-slider-auto=\"1\" data-slider-speed=\"3000\" data-show-pause-button=\"false\"><div class=\"splide__track\"><ul class=\"kt-blocks-carousel-init kb-blocks-slider splide__list\"><li class=\"kb-slide-item kb-gallery-slide-item splide__slide\"><div class=\"kadence-blocks-gallery-item\"><div class=\"kadence-blocks-gallery-item-inner\"><figure class=\"kb-gallery-figure kadence-blocks-gallery-item-hide-caption\"><div class=\"kb-gal-image-radius\"><div class=\"kb-gallery-image-contain kadence-blocks-gallery-intrinsic kb-gallery-image-ratio-land32 kb-has-image-ratio-land32\" ><img loading=\"lazy\" decoding=\"async\" src=\"https:\/\/www.lastrada.sk\/wp-content\/uploads\/2025\/12\/FB_IMG_1765201182049-1024x768.jpg\" width=\"525\" height=\"394\" alt=\"\" data-full-image=\"https:\/\/www.lastrada.sk\/wp-content\/uploads\/2025\/12\/FB_IMG_1765201182049.jpg\" data-light-image=\"https:\/\/www.lastrada.sk\/wp-content\/uploads\/2025\/12\/FB_IMG_1765201182049.jpg\" data-id=\"1581\" class=\"wp-image-1581 skip-lazy\" srcset=\"https:\/\/www.lastrada.sk\/wp-content\/uploads\/2025\/12\/FB_IMG_1765201182049-1024x768.jpg 1024w, https:\/\/www.lastrada.sk\/wp-content\/uploads\/2025\/12\/FB_IMG_1765201182049-300x225.jpg 300w, https:\/\/www.lastrada.sk\/wp-content\/uploads\/2025\/12\/FB_IMG_1765201182049-768x576.jpg 768w, https:\/\/www.lastrada.sk\/wp-content\/uploads\/2025\/12\/FB_IMG_1765201182049.jpg 1280w\" sizes=\"auto, (max-width: 525px) 100vw, 525px\" \/><\/div><\/div><\/figure><\/div><\/div><\/li><li class=\"kb-slide-item kb-gallery-slide-item splide__slide\"><div class=\"kadence-blocks-gallery-item\"><div class=\"kadence-blocks-gallery-item-inner\"><figure class=\"kb-gallery-figure kadence-blocks-gallery-item-hide-caption\"><div class=\"kb-gal-image-radius\"><div class=\"kb-gallery-image-contain kadence-blocks-gallery-intrinsic kb-gallery-image-ratio-land32 kb-has-image-ratio-land32\" ><img loading=\"lazy\" decoding=\"async\" src=\"https:\/\/www.lastrada.sk\/wp-content\/uploads\/2025\/12\/FB_IMG_1765201203979-1024x768.jpg\" width=\"525\" height=\"394\" alt=\"\" data-full-image=\"https:\/\/www.lastrada.sk\/wp-content\/uploads\/2025\/12\/FB_IMG_1765201203979.jpg\" data-light-image=\"https:\/\/www.lastrada.sk\/wp-content\/uploads\/2025\/12\/FB_IMG_1765201203979.jpg\" data-id=\"1582\" class=\"wp-image-1582 skip-lazy\" srcset=\"https:\/\/www.lastrada.sk\/wp-content\/uploads\/2025\/12\/FB_IMG_1765201203979-1024x768.jpg 1024w, https:\/\/www.lastrada.sk\/wp-content\/uploads\/2025\/12\/FB_IMG_1765201203979-300x225.jpg 300w, https:\/\/www.lastrada.sk\/wp-content\/uploads\/2025\/12\/FB_IMG_1765201203979-768x576.jpg 768w, https:\/\/www.lastrada.sk\/wp-content\/uploads\/2025\/12\/FB_IMG_1765201203979.jpg 1280w\" sizes=\"auto, (max-width: 525px) 100vw, 525px\" \/><\/div><\/div><\/figure><\/div><\/div><\/li><\/ul><\/div><\/div><\/div><\/div>\n\n\n<h5 class=\"wp-block-heading has-text-align-center has-medium-font-size\">Nov\u00e9 CD La Strada &#8211; Priate\u013estvo si m\u00f4\u017eete objedna\u0165 priamo zo \u0160l\u00e1gr TV<\/h5>\n\n\n\n<div class=\"wp-block-group has-small-font-size is-vertical is-content-justification-center is-layout-flex wp-container-core-group-is-layout-4b2eccd6 wp-block-group-is-layout-flex\">\n<p class=\"has-text-align-center has-medium-font-size\">info@slagrtv.cz<\/p>\n\n\n\n<p class=\"has-text-align-center has-medium-font-size\">CZ: 387 992 992<\/p>\n\n\n\n<p class=\"has-text-align-center has-medium-font-size\">SK: 034 660 1234 <\/p>\n\n\n\n<h5 class=\"wp-block-heading has-medium-font-size\" style=\"line-height:1.5\">alebo aj u n\u00e1s<\/h5>\n\n\n\n<p class=\"has-medium-font-size\">lastrada@lastrada.sk<\/p>\n<\/div>\n<\/div><\/div>\n<\/div>\n<\/div><\/div>\n\n\n\n<div class=\"wp-block-group\"><div class=\"wp-block-group__inner-container is-layout-constrained wp-block-group-is-layout-constrained\">\n<h2 class=\"wp-block-heading has-text-align-center has-large-font-size\">Novinky<\/h2>\n\n\n<div  class=\"ultp-post-grid-block wp-block-ultimate-post-post-grid-3 ultp-block-547510\"><div class=\"ultp-block-wrapper\"><div class=\"ultp-loading\"><div class=\"ultp-loading-blocks\" style=\"width:100%;height:100%;\"><div style=\"left: 0;top: 0;animation-delay:0s;\"><\/div><div style=\"left: 21px;top: 0;animation-delay:0.125s;\"><\/div><div style=\"left: 42px;top: 0;animation-delay:0.25s;\"><\/div><div style=\"left: 0;top: 21px;animation-delay:0.875s;\"><\/div><div style=\"left: 42px;top: 21px;animation-delay:0.375s;\"><\/div><div style=\"left: 0;top: 42px;animation-delay:0.75s;\"><\/div><div style=\"left: 42px;top: 42px;animation-delay:0.625s;\"><\/div><div style=\"left: 21px;top: 42px;animation-delay:0.5s;\"><\/div><\/div><\/div><div class=\"ultp-block-items-wrap ultp-block-row ultp-layout1 ultp-block-column3\"><div class=\"ultp-block-item post-id-1853 ultp-animation-slideup\"><div class=\"ultp-block-content-wrap ultp-block-content-overlay\"><div class=\"ultp-block-image ultp-block-image-slideLeft ultp-block-image-overlay ultp-block-image-custom\"><a href=\"https:\/\/www.lastrada.sk\/index.php\/2026\/03\/13\/dunaj-nas\/\" ><img decoding=\"async\"  alt=\"Dunaj n\u00e1\u0161\"  src=\"https:\/\/www.lastrada.sk\/wp-content\/uploads\/2026\/03\/1773930211633-870x570.jpg\" \/><\/a><\/div><div class=\"ultp-block-content ultp-block-content-bottomPosition\"><div class=\"ultp-block-content-inner\"><div class=\"ultp-category-grid ultp-category-classic ultp-category-aboveTitle\"><div class=\"ultp-category-in ultp-cat-color-1\"><a class=\"ultp-cat-media ultp-cat-only-color-1\" href=\"https:\/\/www.lastrada.sk\/index.php\/category\/media\/\" style=\"background-color: #CE2746;\" >M\u00e9di\u00e1<\/a><\/div><\/div><h3 class=\"ultp-block-title \"><a href=\"https:\/\/www.lastrada.sk\/index.php\/2026\/03\/13\/dunaj-nas\/\" >Dunaj n\u00e1\u0161<\/a><\/h3><div class=\"ultp-block-meta ultp-block-meta-emptyspace ultp-block-meta-noIcon\"><span class=\"ultp-block-date ultp-block-meta-element\">mar 13, 2026<\/span><\/div><\/div><\/div><\/div><\/div><div class=\"ultp-block-item post-id-1889 ultp-animation-slideup\"><div class=\"ultp-block-content-wrap ultp-block-content-overlay\"><div class=\"ultp-block-image ultp-block-image-slideLeft ultp-block-image-overlay ultp-block-image-custom\"><a href=\"https:\/\/www.lastrada.sk\/index.php\/2026\/02\/10\/spomienka-na-ritu\/\" ><img decoding=\"async\"  alt=\"Spomienka na Ritu\"  src=\"https:\/\/www.lastrada.sk\/wp-content\/uploads\/2026\/03\/f202026-03-02-11-25-26-600x600.jpg\" \/><\/a><\/div><div class=\"ultp-block-content ultp-block-content-bottomPosition\"><div class=\"ultp-block-content-inner\"><div class=\"ultp-category-grid ultp-category-classic ultp-category-aboveTitle\"><div class=\"ultp-category-in ultp-cat-color-1\"><a class=\"ultp-cat-vystupenie ultp-cat-only-color-1\" href=\"https:\/\/www.lastrada.sk\/index.php\/category\/vystupenie\/\" style=\"background-color: #CE2746;\" >Vyst\u00fapenie<\/a><\/div><\/div><h3 class=\"ultp-block-title \"><a href=\"https:\/\/www.lastrada.sk\/index.php\/2026\/02\/10\/spomienka-na-ritu\/\" >Spomienka na Ritu<\/a><\/h3><div class=\"ultp-block-meta ultp-block-meta-emptyspace ultp-block-meta-noIcon\"><span class=\"ultp-block-date ultp-block-meta-element\">feb 10, 2026<\/span><\/div><\/div><\/div><\/div><\/div><div class=\"ultp-block-item post-id-1884 ultp-animation-slideup\"><div class=\"ultp-block-content-wrap ultp-block-content-overlay\"><div class=\"ultp-block-image ultp-block-image-slideLeft ultp-block-image-overlay ultp-block-image-custom\"><a href=\"https:\/\/www.lastrada.sk\/index.php\/2026\/02\/02\/v-show-maji-velsicovej-2\/\" ><img decoding=\"async\"  alt=\"V show Maji Vel\u0161icovej\"  src=\"https:\/\/www.lastrada.sk\/wp-content\/uploads\/2026\/03\/FB_IMG_1774530172356-600x600.jpg\" \/><\/a><\/div><div class=\"ultp-block-content ultp-block-content-bottomPosition\"><div class=\"ultp-block-content-inner\"><div class=\"ultp-category-grid ultp-category-classic ultp-category-aboveTitle\"><div class=\"ultp-category-in ultp-cat-color-1\"><a class=\"ultp-cat-media ultp-cat-only-color-1\" href=\"https:\/\/www.lastrada.sk\/index.php\/category\/media\/\" style=\"background-color: #CE2746;\" >M\u00e9di\u00e1<\/a><\/div><\/div><h3 class=\"ultp-block-title \"><a href=\"https:\/\/www.lastrada.sk\/index.php\/2026\/02\/02\/v-show-maji-velsicovej-2\/\" >V show Maji Vel\u0161icovej<\/a><\/h3><div class=\"ultp-block-meta ultp-block-meta-emptyspace ultp-block-meta-noIcon\"><span class=\"ultp-block-date ultp-block-meta-element\">feb 2, 2026<\/span><\/div><\/div><\/div><\/div><\/div><div class=\"ultp-block-item post-id-1723 ultp-animation-slideup\"><div class=\"ultp-block-content-wrap ultp-block-content-overlay\"><div class=\"ultp-block-image ultp-block-image-slideLeft ultp-block-image-overlay ultp-block-image-custom\"><a href=\"https:\/\/www.lastrada.sk\/index.php\/2025\/12\/28\/vysoke-tatry-hotel-sorea-uran\/\" ><img decoding=\"async\"  alt=\"Vysok\u00e9 Tatry &#8211; Hotel SOREA Ur\u00e1n\"  src=\"https:\/\/www.lastrada.sk\/wp-content\/uploads\/2025\/12\/IMG_20251228_161151225_HDR-600x600.jpg\" \/><\/a><\/div><div class=\"ultp-block-content ultp-block-content-bottomPosition\"><div class=\"ultp-block-content-inner\"><div class=\"ultp-category-grid ultp-category-classic ultp-category-aboveTitle\"><div class=\"ultp-category-in ultp-cat-color-1\"><a class=\"ultp-cat-koncert ultp-cat-only-color-1\" href=\"https:\/\/www.lastrada.sk\/index.php\/category\/koncert\/\" style=\"background-color: #CE2746;\" >Koncert<\/a><\/div><\/div><h3 class=\"ultp-block-title \"><a href=\"https:\/\/www.lastrada.sk\/index.php\/2025\/12\/28\/vysoke-tatry-hotel-sorea-uran\/\" >Vysok\u00e9 Tatry &#8211; Hotel SOREA Ur\u00e1n<\/a><\/h3><div class=\"ultp-block-meta ultp-block-meta-emptyspace ultp-block-meta-noIcon\"><span class=\"ultp-block-date ultp-block-meta-element\">dec 28, 2025<\/span><\/div><\/div><\/div><\/div><\/div><\/div><\/div><div class=\"pagination-block-html\" aria-hidden=\"true\" style=\"display: none;\"><\/div><\/div>\n\n\n<div class=\"wp-block-buttons is-content-justification-center is-layout-flex wp-container-core-buttons-is-layout-16018d1d wp-block-buttons-is-layout-flex\">\n<div class=\"wp-block-button\"><a class=\"wp-block-button__link has-text-align-center wp-element-button\" href=\"https:\/\/www.lastrada.sk\/index.php\/novinky-2\/\">Zobrazi\u0165 viac<\/a><\/div>\n<\/div>\n<\/div><\/div>\n","protected":false},"excerpt":{"rendered":"<p>N\u00e1\u0161 prv\u00fd krok do sveta hudobnej tvorby S ve\u013ekou rados\u0165ou v\u00e1m predstavujeme n\u00e1\u0161 \u00faplne nov\u00fd videoklip k prvej vlastnej piesni. Tento projekt je pre n\u00e1s mimoriadne d\u00f4le\u017eit\u00fd, preto\u017ee ide o n\u00e1\u0161 prv\u00fd krok do sveta hudobnej tvorby. Objavte jedine\u010dn\u00fd svet La Strada na novom CD. Nov\u00e9 CD La Strada &#8211; Priate\u013estvo si m\u00f4\u017eete objedna\u0165 priamo &hellip; <\/p>\n<p class=\"link-more\"><a href=\"https:\/\/www.lastrada.sk\/\" class=\"more-link\">Pokra\u010dova\u0165 v \u010d\u00edtan\u00ed<span class=\"screen-reader-text\"> &#8222;Domov&#8220;<\/span><\/a><\/p>\n","protected":false},"author":2,"featured_media":0,"parent":0,"menu_order":0,"comment_status":"closed","ping_status":"closed","template":"","meta":{"_monsterinsights_skip_tracking":false,"_monsterinsights_sitenote_active":false,"_monsterinsights_sitenote_note":"","_monsterinsights_sitenote_category":0,"footnotes":""},"class_list":["post-1570","page","type-page","status-publish","hentry"],"yoast_head":"<!-- This site is optimized with the Yoast SEO plugin v27.4 - https:\/\/yoast.com\/product\/yoast-seo-wordpress\/ -->\n<title>Domov - La Strada<\/title>\n<meta name=\"robots\" content=\"index, follow, max-snippet:-1, max-image-preview:large, max-video-preview:-1\" \/>\n<link rel=\"canonical\" href=\"https:\/\/www.lastrada.sk\/\" \/>\n<meta property=\"og:locale\" content=\"sk_SK\" \/>\n<meta property=\"og:type\" content=\"article\" \/>\n<meta property=\"og:title\" content=\"Domov - La Strada\" \/>\n<meta property=\"og:description\" content=\"N\u00e1\u0161 prv\u00fd krok do sveta hudobnej tvorby S ve\u013ekou rados\u0165ou v\u00e1m predstavujeme n\u00e1\u0161 \u00faplne nov\u00fd videoklip k prvej vlastnej piesni. Tento projekt je pre n\u00e1s mimoriadne d\u00f4le\u017eit\u00fd, preto\u017ee ide o n\u00e1\u0161 prv\u00fd krok do sveta hudobnej tvorby. Objavte jedine\u010dn\u00fd svet La Strada na novom CD. Nov\u00e9 CD La Strada &#8211; Priate\u013estvo si m\u00f4\u017eete objedna\u0165 priamo &hellip; Pokra\u010dova\u0165 v \u010d\u00edtan\u00ed &quot;Domov&quot;\" \/>\n<meta property=\"og:url\" content=\"https:\/\/www.lastrada.sk\/\" \/>\n<meta property=\"og:site_name\" content=\"La Strada\" \/>\n<meta property=\"article:modified_time\" content=\"2026-03-20T21:12:30+00:00\" \/>\n<meta property=\"og:image\" content=\"https:\/\/www.lastrada.sk\/wp-content\/uploads\/2026\/03\/1000007530.jpg\" \/>\n\t<meta property=\"og:image:width\" content=\"1376\" \/>\n\t<meta property=\"og:image:height\" content=\"768\" \/>\n\t<meta property=\"og:image:type\" content=\"image\/jpeg\" \/>\n<meta name=\"twitter:card\" content=\"summary_large_image\" \/>\n<meta name=\"twitter:label1\" content=\"Predpokladan\u00fd \u010das \u010d\u00edtania\" \/>\n\t<meta name=\"twitter:data1\" content=\"1 min\u00fata\" \/>\n<script type=\"application\/ld+json\" class=\"yoast-schema-graph\">{\"@context\":\"https:\\\/\\\/schema.org\",\"@graph\":[{\"@type\":\"WebPage\",\"@id\":\"https:\\\/\\\/www.lastrada.sk\\\/\",\"url\":\"https:\\\/\\\/www.lastrada.sk\\\/\",\"name\":\"Domov - La Strada\",\"isPartOf\":{\"@id\":\"https:\\\/\\\/www.lastrada.sk\\\/#website\"},\"primaryImageOfPage\":{\"@id\":\"https:\\\/\\\/www.lastrada.sk\\\/#primaryimage\"},\"image\":{\"@id\":\"https:\\\/\\\/www.lastrada.sk\\\/#primaryimage\"},\"thumbnailUrl\":\"https:\\\/\\\/www.lastrada.sk\\\/wp-content\\\/uploads\\\/2026\\\/03\\\/1000007530-1024x572.jpg\",\"datePublished\":\"2025-12-10T15:24:29+00:00\",\"dateModified\":\"2026-03-20T21:12:30+00:00\",\"breadcrumb\":{\"@id\":\"https:\\\/\\\/www.lastrada.sk\\\/#breadcrumb\"},\"inLanguage\":\"sk-SK\",\"potentialAction\":[{\"@type\":\"ReadAction\",\"target\":[\"https:\\\/\\\/www.lastrada.sk\\\/\"]}]},{\"@type\":\"ImageObject\",\"inLanguage\":\"sk-SK\",\"@id\":\"https:\\\/\\\/www.lastrada.sk\\\/#primaryimage\",\"url\":\"https:\\\/\\\/www.lastrada.sk\\\/wp-content\\\/uploads\\\/2026\\\/03\\\/1000007530.jpg\",\"contentUrl\":\"https:\\\/\\\/www.lastrada.sk\\\/wp-content\\\/uploads\\\/2026\\\/03\\\/1000007530.jpg\",\"width\":1376,\"height\":768},{\"@type\":\"BreadcrumbList\",\"@id\":\"https:\\\/\\\/www.lastrada.sk\\\/#breadcrumb\",\"itemListElement\":[{\"@type\":\"ListItem\",\"position\":1,\"name\":\"Home\",\"item\":\"https:\\\/\\\/www.lastrada.sk\\\/\"},{\"@type\":\"ListItem\",\"position\":2,\"name\":\"Domov\"}]},{\"@type\":\"WebSite\",\"@id\":\"https:\\\/\\\/www.lastrada.sk\\\/#website\",\"url\":\"https:\\\/\\\/www.lastrada.sk\\\/\",\"name\":\"La Strada\",\"description\":\"SLOVENSK\u00c9 POP OPERN\u00c9 DUO\",\"potentialAction\":[{\"@type\":\"SearchAction\",\"target\":{\"@type\":\"EntryPoint\",\"urlTemplate\":\"https:\\\/\\\/www.lastrada.sk\\\/?s={search_term_string}\"},\"query-input\":{\"@type\":\"PropertyValueSpecification\",\"valueRequired\":true,\"valueName\":\"search_term_string\"}}],\"inLanguage\":\"sk-SK\"}]}<\/script>\n<!-- \/ Yoast SEO plugin. -->","yoast_head_json":{"title":"Domov - La Strada","robots":{"index":"index","follow":"follow","max-snippet":"max-snippet:-1","max-image-preview":"max-image-preview:large","max-video-preview":"max-video-preview:-1"},"canonical":"https:\/\/www.lastrada.sk\/","og_locale":"sk_SK","og_type":"article","og_title":"Domov - La Strada","og_description":"N\u00e1\u0161 prv\u00fd krok do sveta hudobnej tvorby S ve\u013ekou rados\u0165ou v\u00e1m predstavujeme n\u00e1\u0161 \u00faplne nov\u00fd videoklip k prvej vlastnej piesni. Tento projekt je pre n\u00e1s mimoriadne d\u00f4le\u017eit\u00fd, preto\u017ee ide o n\u00e1\u0161 prv\u00fd krok do sveta hudobnej tvorby. Objavte jedine\u010dn\u00fd svet La Strada na novom CD. Nov\u00e9 CD La Strada &#8211; Priate\u013estvo si m\u00f4\u017eete objedna\u0165 priamo &hellip; Pokra\u010dova\u0165 v \u010d\u00edtan\u00ed \"Domov\"","og_url":"https:\/\/www.lastrada.sk\/","og_site_name":"La Strada","article_modified_time":"2026-03-20T21:12:30+00:00","og_image":[{"width":1376,"height":768,"url":"https:\/\/www.lastrada.sk\/wp-content\/uploads\/2026\/03\/1000007530.jpg","type":"image\/jpeg"}],"twitter_card":"summary_large_image","twitter_misc":{"Predpokladan\u00fd \u010das \u010d\u00edtania":"1 min\u00fata"},"schema":{"@context":"https:\/\/schema.org","@graph":[{"@type":"WebPage","@id":"https:\/\/www.lastrada.sk\/","url":"https:\/\/www.lastrada.sk\/","name":"Domov - La Strada","isPartOf":{"@id":"https:\/\/www.lastrada.sk\/#website"},"primaryImageOfPage":{"@id":"https:\/\/www.lastrada.sk\/#primaryimage"},"image":{"@id":"https:\/\/www.lastrada.sk\/#primaryimage"},"thumbnailUrl":"https:\/\/www.lastrada.sk\/wp-content\/uploads\/2026\/03\/1000007530-1024x572.jpg","datePublished":"2025-12-10T15:24:29+00:00","dateModified":"2026-03-20T21:12:30+00:00","breadcrumb":{"@id":"https:\/\/www.lastrada.sk\/#breadcrumb"},"inLanguage":"sk-SK","potentialAction":[{"@type":"ReadAction","target":["https:\/\/www.lastrada.sk\/"]}]},{"@type":"ImageObject","inLanguage":"sk-SK","@id":"https:\/\/www.lastrada.sk\/#primaryimage","url":"https:\/\/www.lastrada.sk\/wp-content\/uploads\/2026\/03\/1000007530.jpg","contentUrl":"https:\/\/www.lastrada.sk\/wp-content\/uploads\/2026\/03\/1000007530.jpg","width":1376,"height":768},{"@type":"BreadcrumbList","@id":"https:\/\/www.lastrada.sk\/#breadcrumb","itemListElement":[{"@type":"ListItem","position":1,"name":"Home","item":"https:\/\/www.lastrada.sk\/"},{"@type":"ListItem","position":2,"name":"Domov"}]},{"@type":"WebSite","@id":"https:\/\/www.lastrada.sk\/#website","url":"https:\/\/www.lastrada.sk\/","name":"La Strada","description":"SLOVENSK\u00c9 POP OPERN\u00c9 DUO","potentialAction":[{"@type":"SearchAction","target":{"@type":"EntryPoint","urlTemplate":"https:\/\/www.lastrada.sk\/?s={search_term_string}"},"query-input":{"@type":"PropertyValueSpecification","valueRequired":true,"valueName":"search_term_string"}}],"inLanguage":"sk-SK"}]}},"_links":{"self":[{"href":"https:\/\/www.lastrada.sk\/index.php\/wp-json\/wp\/v2\/pages\/1570","targetHints":{"allow":["GET"]}}],"collection":[{"href":"https:\/\/www.lastrada.sk\/index.php\/wp-json\/wp\/v2\/pages"}],"about":[{"href":"https:\/\/www.lastrada.sk\/index.php\/wp-json\/wp\/v2\/types\/page"}],"author":[{"embeddable":true,"href":"https:\/\/www.lastrada.sk\/index.php\/wp-json\/wp\/v2\/users\/2"}],"replies":[{"embeddable":true,"href":"https:\/\/www.lastrada.sk\/index.php\/wp-json\/wp\/v2\/comments?post=1570"}],"version-history":[{"count":6,"href":"https:\/\/www.lastrada.sk\/index.php\/wp-json\/wp\/v2\/pages\/1570\/revisions"}],"predecessor-version":[{"id":1882,"href":"https:\/\/www.lastrada.sk\/index.php\/wp-json\/wp\/v2\/pages\/1570\/revisions\/1882"}],"wp:attachment":[{"href":"https:\/\/www.lastrada.sk\/index.php\/wp-json\/wp\/v2\/media?parent=1570"}],"curies":[{"name":"wp","href":"https:\/\/api.w.org\/{rel}","templated":true}]}}